{"id":7048,"date":"2023-11-23T05:11:50","date_gmt":"2023-11-23T05:11:50","guid":{"rendered":"https:\/\/themeperch.net\/eventiva\/demo-1\/?page_id=7048"},"modified":"2025-11-12T17:28:04","modified_gmt":"2025-11-12T17:28:04","slug":"contact-me","status":"publish","type":"page","link":"https:\/\/metalhealer.com\/en\/contact-me\/","title":{"rendered":"A Contacto MH"},"content":{"rendered":"<div data-elementor-type=\"wp-page\" data-elementor-id=\"7048\" class=\"elementor elementor-7048\">\n\t\t\t\t<div class=\"elementor-element elementor-element-cecb205 e-con-full e-flex e-con e-parent\" data-id=\"cecb205\" data-element_type=\"container\">\n\t\t\t\t<div class=\"elementor-element elementor-element-9125051 elementor-widget elementor-widget-about_event\" data-id=\"9125051\" data-element_type=\"widget\" data-widget_type=\"about_event.default\">\n\t\t\t\t<div class=\"elementor-widget-container\">\n\t\t\t\r\n<!--About Section ======================-->\r\n<!-- about-3 py-50 py-lg-100 py-xxl-120 -->\r\n<section class=\"about-section about-1 pb-50 pb-lg-80 pb-xxl-100\">\r\n    <div class=\"container\">\r\n        <div class=\"row gy-40 gy-lg-0 gx-80  justify-content-lg-between\">\r\n            <div class=\"col-lg-5\">\r\n                <div class=\"wow fadeInRight\">\r\n                    <!-- Style two Stsrt-->\r\n                                            <div class=\"section-title section-title-style-2 mb-4 mb-lg-30 mb-xxl-40\">\r\n                                                        <h1 class=\"title display-3 fw-extra-bold mb-n2 d-flex flex-column\">\r\n                                    <span class=\"text-opacity text-auto\"> <\/span>\r\n                                    <span class=\"sub-title display-3 fw-extra-bold info-text-shadow\"><svg class=\"gradient-subtitle\"> <g> <text class=\"gradient-subtitle-text\" y=\"100\" stroke-width=\"1.5\" stroke=\"url(#gradient-subtitle)\" fill=\"none\"> Metal Healer <\/text><\/g> <\/svg><\/span> \r\n                                <\/h1>                            <h4 class=\"display-5 custom-jakarta extra-title fw-extra-bold mb-0 mt-4 mt-lg-30 mt-xxl-40\"> Amate tanto que el universo refleje tu valor <\/h4>                        <\/div>\r\n                        <!-- section-title -->\r\n                                                    <p class=\"custom-sans custom-style mb-4 mb-lg-30\">\r\n                                <p>\u00bfTe gustar\u00eda tener una videollamada de descubrimiento?\u00a0<br \/>Agenda gratis tu llamada en linea aqu\u00ed \ud83d\ude42<\/p>                            <\/p>\r\n                                                <!-- content -->\r\n                                                    <div class=\"pt-4 pt-lg-30 d-flex align-items-center gap-40  wow fadeInRight\">\r\n                                        <a class=\"btn gap-10 btn-gradient d-inline-flex align-items-center flex-row-reverse\" href=\"https:\/\/calendly.com\/7magic-diana\/my-rockstar-discovery-call\">\r\n            Discovery Call<svg class=\"svg-icon\" width=\"30\" height=\"30\" aria-hidden=\"true\" role=\"img\" focusable=\"false\" xmlns=\"http:\/\/www.w3.org\/2000\/svg\" viewbox=\"0 0 60 68\"><path fill-rule=\"evenodd\" clip-rule=\"evenodd\" d=\"M0 50.2334V24.8567H60V50.4367C60 60.9 53.4138 67.3334 42.876 67.3334H17.0911C6.65203 67.3334 0 60.7667 0 50.2334ZM16.5313 42.0334C15.0165 42.1034 13.7651 40.9 13.6992 39.37C13.6992 37.8367 14.8847 36.57 16.3996 36.5C17.8814 36.5 19.0999 37.67 19.1328 39.1667C19.1987 40.7034 18.0132 41.97 16.5313 42.0334ZM30.0659 42.0334C28.551 42.1034 27.2997 40.9 27.2338 39.37C27.2338 37.8367 28.4193 36.57 29.9341 36.5C31.416 36.5 32.6345 37.67 32.6674 39.1667C32.7333 40.7034 31.5478 41.97 30.0659 42.0334ZM43.5016 54.3C41.9868 54.2667 40.7684 53 40.7684 51.4667C40.7355 49.9334 41.9539 48.67 43.4687 48.6367H43.5016C45.0494 48.6367 46.3008 49.9034 46.3008 51.4667C46.3008 53.0334 45.0494 54.3 43.5016 54.3ZM27.2338 51.4667C27.2997 53 28.551 54.2034 30.0659 54.1334C31.5478 54.07 32.7333 52.8034 32.6674 51.27C32.6345 49.77 31.416 48.6 29.9341 48.6C28.4193 48.67 27.2338 49.9334 27.2338 51.4667ZM13.6663 51.4667C13.7322 53 14.9835 54.2034 16.4984 54.1334C17.9802 54.07 19.1658 52.8034 19.0999 51.27C19.067 49.77 17.8485 48.6 16.3666 48.6C14.8518 48.67 13.6663 49.9334 13.6663 51.4667ZM40.8013 39.3367C40.8013 37.8034 41.9868 36.57 43.5016 36.5367C44.9835 36.5367 46.169 37.7334 46.2349 39.2034C46.2678 40.7367 45.0823 42.0034 43.6004 42.0334C42.0856 42.0667 40.8343 40.9 40.8013 39.37V39.3367Z\" \/><path opacity=\"0.4\" d=\"M0.0107422 24.8564C0.0535523 22.8997 0.218207 19.0164 0.527756 17.7664C2.10844 10.7364 7.47617 6.26972 15.1491 5.63306H44.8527C52.4597 6.30306 57.8933 10.7997 59.474 17.7664C59.7802 18.9831 59.9449 22.8964 59.9877 24.8564H0.0107422Z\" \/><path d=\"M17.6831 15.9667C19.1321 15.9667 20.2188 14.8701 20.2188 13.4001V3.23675C20.2188 1.76675 19.1321 0.666748 17.6831 0.666748C16.2342 0.666748 15.1475 1.76675 15.1475 3.23675V13.4001C15.1475 14.8701 16.2342 15.9667 17.6831 15.9667Z\" \/><path d=\"M42.3169 15.9667C43.733 15.9667 44.8526 14.8701 44.8526 13.4001V3.23675C44.8526 1.76675 43.733 0.666748 42.3169 0.666748C40.868 0.666748 39.7812 1.76675 39.7812 3.23675V13.4001C39.7812 14.8701 40.868 15.9667 42.3169 15.9667Z\" \/><\/svg>        <\/a>\r\n                            <\/div>\r\n                                                            <\/div>\r\n                <!-- wow fadeInRight -->\r\n            <\/div>\r\n            <!-- col-5 -->\r\n            <div class=\"col-lg-7\">\r\n                                    <div class=\"about-content-wrapper position-relative wow fadeInLeft\">\r\n                        <div class=\"about-image-1 position-relative\">\r\n                            <div class=\"about-image-wrapper\">\r\n                                <img decoding=\"async\" src=\"https:\/\/metalhealer.com\/wp-content\/uploads\/2025\/05\/121.png\" class=\"img-fluid\" alt=\"\">\r\n                            <\/div>\r\n                            <div class=\"video-popup video-popup-center position-absolute\">\r\n                                <div class=\"circle-wrapper\">\r\n                                    <div class=\"circle-bg\"><\/div>\r\n                                    <a href=\"https:\/\/www.youtube.com\/watch?v=cMml9DFIyuU\" class=\"inner-circle video-icon video-popup-link\">\r\n                                        <svg xmlns=\"http:\/\/www.w3.org\/2000\/svg\" width=\"35\" height=\"35\" fill=\"currentColor\" class=\"bi bi-play-fill\" viewbox=\"0 0 16 16\">\r\n                                            <path d=\"m11.596 8.697-6.363 3.692c-.54.313-1.233-.066-1.233-.697V4.308c0-.63.692-1.01 1.233-.696l6.363 3.692a.802.802 0 0 1 0 1.393z\" \/>\r\n                                        <\/svg>\r\n                                    <\/a>\r\n                                    <div class=\"rotate-text2 text-uppercase\">\r\n                                        <p>Metallica- Nothing else matters<\/p>\r\n                                    <\/div>\r\n                                <\/div>\r\n                            <\/div>\r\n\r\n                        <\/div>\r\n                        <div class=\"about-image-2\">\r\n                        <\/div>\r\n                                                    <div class=\"ellipse-image-1\">\r\n                                <img decoding=\"async\" src=\"https:\/\/metalhealer.com\/wp-content\/themes\/eventiva\/assets\/images\/home-1\/ellipse-1.png\" class=\"img-fluid\" alt=\" \">\r\n                            <\/div>\r\n                                            <\/div>\r\n                                <!-- about-content-wrapper -->\r\n            <\/div>\r\n        <\/div>\r\n    <\/div>\r\n<\/section>\r\n<!--About Section ======================-->\t\t<\/div>\n\t\t\t\t<\/div>\n\t\t\t\t<div class=\"elementor-element elementor-element-a6bb000 elementor-widget elementor-widget-event_scroll_text\" data-id=\"a6bb000\" data-element_type=\"widget\" data-widget_type=\"event_scroll_text.default\">\n\t\t\t\t<div class=\"elementor-widget-container\">\n\t\t\t\r\n\r\n<!--Scroll Section ======================-->\r\n<div class=\"scroll-section py-30 py-lg-50 position-relative\">\r\n    <div class=\"marquee-elements\">\r\n        <div class=\"scroll-elements\">\r\n\r\n            <h2 class=\"scroll-items js-elements\">\r\n                <span class=\"scroll-light-text fs-180 fw-extra-bold text-uppercase d-flex gap-10 mb-0\">\r\n                    <span class=\"scroll_bold_text\">Winner<\/span>\r\n                    <span class=\"scroll-strock-text primary-text-shadow mx-10 mx-lg-4\">\/<\/span>\r\n                    <span class=\"scroll-strock-text primary-text-shadow me-30 me-lg-50\">Mindset<\/span>\r\n                <\/span>\r\n            <\/h2>\r\n\r\n            <h2 class=\"scroll-items js-elements\">\r\n                <span class=\"scroll-light-text fs-180 fw-extra-bold text-uppercase d-flex gap-10 mb-0\">\r\n                    <span class=\"scroll_bold_text\">Winner<\/span>\r\n                    <span class=\"scroll_bold_text mx-10 mx-lg-4\">\/<\/span>\r\n                    <span class=\"scroll-strock-text primary-text-shadow me-30 me-lg-50\">Mindset<\/span>\r\n                <\/span>\r\n            <\/h2>\r\n\r\n        <\/div>\r\n    <\/div>\r\n<\/div>\r\n<!--Scroll Section ======================-->\t\t<\/div>\n\t\t\t\t<\/div>\n\t\t\t\t<div class=\"elementor-element elementor-element-ce0a9c8 elementor-widget elementor-widget-event_speakers\" data-id=\"ce0a9c8\" data-element_type=\"widget\" data-widget_type=\"event_speakers.default\">\n\t\t\t\t<div class=\"elementor-widget-container\">\n\t\t\t\r\n    <!--LineUp Section ======================-->\r\n    <section id=\"line-up\" class=\"lineup-section lineup-1 pt-60 mb-20 mb-lg-30 mb-xxl-40\">\r\n        <div class=\"lineup-contents bg-lg  custom-inner-bg py-30 py-lg-50 position-relative\">\r\n            <div class=\"container\">\r\n                <div class=\"row gx-60 gx-xxl-80 gy-30\">\r\n                                            <div class=\"col-lg-7 order-lg-0 order-1\">\r\n                            <div class=\"swiper-custom-progress position-relative wow fadeInRight  mb-60 mb-lg-0\">\r\n                                <div class=\"swiper lineup-swiper\" data-slide-lg=\"2\" data-slide-md=\"2\" data-slide-sm=\"1\">\r\n                                    <div class=\"swiper-wrapper\">\r\n                                                                                    <div class=\"swiper-slide\">\r\n                                                <div class=\"lineup-image-wrapper position-relative\">\r\n                                                    <div class=\"lineup-image lineup-image-style-2\">\r\n                                                        <img decoding=\"async\" src=\"https:\/\/metalhealer.com\/wp-content\/uploads\/2025\/05\/space-MH.png\" class=\"\" alt=\"Image Alt Tex\">\r\n                                                    <\/div>\r\n                                                    <div class=\"lineup-image-hover\">\r\n                                                         <p class=\"author-name speaker_name\">Diana<\/p>                                                        <div class=\"line-up-hover-content\">\r\n                                                            <h5 class=\"fw-medium mb-20 speaker_deg\">Coach<span class=\"text-uppercase\"><\/span><\/h5>\r\n                                                                                                                            <div class=\"line-up-icons d-flex align-items-center gap-3 gap-lg-10\">\r\n\r\n                                                                    \r\n                                                                <\/div>\r\n                                                                                                                    <\/div>\r\n                                                    <\/div>\r\n                                                    <!-- lineup-image-hover -->\r\n                                                <\/div>\r\n                                                <!-- lineup-image-wrapper -->\r\n                                            <\/div>\r\n                                            <!-- swiper-slide-->\r\n                                                                                    <div class=\"swiper-slide\">\r\n                                                <div class=\"lineup-image-wrapper position-relative\">\r\n                                                    <div class=\"lineup-image lineup-image-style-2\">\r\n                                                        <img decoding=\"async\" src=\"https:\/\/metalhealer.com\/wp-content\/uploads\/2025\/05\/astronaut.png\" class=\"\" alt=\"\">\r\n                                                    <\/div>\r\n                                                    <div class=\"lineup-image-hover\">\r\n                                                         <p class=\"author-name speaker_name\">Super Star<\/p>                                                        <div class=\"line-up-hover-content\">\r\n                                                            <h5 class=\"fw-medium mb-20 speaker_deg\">La mejor versi\u00f3n <span class=\"text-uppercase\">de ti <\/span><\/h5>\r\n                                                                                                                            <div class=\"line-up-icons d-flex align-items-center gap-3 gap-lg-10\">\r\n\r\n                                                                    \r\n                                                                <\/div>\r\n                                                                                                                    <\/div>\r\n                                                    <\/div>\r\n                                                    <!-- lineup-image-hover -->\r\n                                                <\/div>\r\n                                                <!-- lineup-image-wrapper -->\r\n                                            <\/div>\r\n                                            <!-- swiper-slide-->\r\n                                        \r\n                                    <\/div>\r\n                                    <!-- swiper-wrapper -->\r\n                                <\/div>\r\n                                <!-- swiper -->\r\n                                <div class=\"lineup-swiper-pagination\"><\/div>\r\n                                <!-- lineup-swiper-pagination -->\r\n                                <div class=\"swiper-button-progress\">\r\n                                    <div class=\"swiper-button-next\">\r\n                                        <span class=\"chevron-right-icon\">\r\n                                            <svg class=\"svg-icon\" width=\"12\" height=\"12\" aria-hidden=\"true\" role=\"img\" focusable=\"false\" xmlns=\"http:\/\/www.w3.org\/2000\/svg\" viewbox=\"0 0 16 16\"><path fill-rule=\"evenodd\" d=\"M4.646 1.646a.5.5 0 0 1 .708 0l6 6a.5.5 0 0 1 0 .708l-6 6a.5.5 0 0 1-.708-.708L10.293 8 4.646 2.354a.5.5 0 0 1 0-.708z\" \/><\/svg>                                        <\/span>\r\n                                    <\/div>\r\n                                    <div class=\"swiper-button-prev\">\r\n                                        <span class=\"chevron-left-icon\">\r\n                                            <svg class=\"svg-icon\" width=\"12\" height=\"12\" aria-hidden=\"true\" role=\"img\" focusable=\"false\" xmlns=\"http:\/\/www.w3.org\/2000\/svg\" viewbox=\"0 0 16 16\"><path fill-rule=\"evenodd\" d=\"M11.354 1.646a.5.5 0 0 1 0 .708L5.707 8l5.647 5.646a.5.5 0 0 1-.708.708l-6-6a.5.5 0 0 1 0-.708l6-6a.5.5 0 0 1 .708 0z\" \/><\/svg>                                        <\/span>\r\n                                    <\/div>\r\n                                <\/div>\r\n                                <!-- swiper-button-progress -->\r\n\r\n                                                                    <div class=\"ellipse-image-2\">\r\n                                        <img decoding=\"async\" class=\"img-fluid\" src=\"https:\/\/metalhealer.com\/wp-content\/themes\/eventiva\/assets\/images\/home-1\/ellipse-2.png\" alt=\"Shadow\">\r\n                                    <\/div>\r\n                                                            <\/div>\r\n                        <\/div>\r\n                        <!-- col-7 -->\r\n                                        <div class=\"col-lg-5 order-lg-1 order-0\">\r\n                        <div class=\"lineup-right-content mt-60 mt-lg-0 wow fadeInLeft\">\r\n                            <div class=\"section-title section-title-style-2 mb-4 mb-lg-30 mb-xxl-40\">\r\n                                <span class=\"name straight-line-wrapper fw-semibold position-relative\"> <span class=\"straight-line\"><\/span>Escr\u00edbeme<\/span>                                <h2 class=\"title display-3 fw-extra-bold mb-n2 d-flex flex-column\">\r\n                                        <span class=\"text-opacity text-auto\">Me encanta<\/span>\r\n                                        <span class=\"sub-title fw-extra-bold primary-text-shadow\"> Escucharte <\/span> \r\n                                    <\/h2>                            <\/div>\r\n                            <!-- section-title -->\r\n                                                                                        <div class=\"mt-20 mt-lg-0 d-flex justify-content-lg-end\">\r\n                                            <a class=\"btn gap-10 btn-primary d-inline-flex align-items-center flex-row-reverse\" href=\"https:\/\/wa.me\/+528145901687\">\r\n            What\u00b4s app<span class=\"fab fa-whatsapp\"><\/span>        <\/a>\r\n                                <\/div>\r\n                                                    <\/div>\r\n                        <!-- lineup-right-content -->\r\n                    <\/div>\r\n                    <!-- col-5 -->\r\n                <\/div>\r\n                <!-- row -->\r\n            <\/div>\r\n            <!-- container -->\r\n\r\n\r\n            \r\n        <\/div>\r\n        <!-- lineup-contents -->\r\n    <\/section>\r\n    <!--LineUp Section ======================-->\r\n\r\n    \r\n\r\n<script>\r\n    (function($) {\r\n        \"use strict\";\r\n\r\n        if ($('.lineup-swiper').length > 0) {\r\n            new Swiper(\".lineup-swiper\", {\r\n                loop: false,\r\n                grabCursor: true,\r\n                paginationClickable: true,\r\n                loopAdditionalSlides: 30,\r\n                breakpoints: {\r\n                    380: {\r\n                        slidesPerView: $('.lineup-swiper').data('slide-sm'),\r\n                        slidesPerGroup: 1,\r\n                        spaceBetween: 30\r\n                    },\r\n                    430: {\r\n                        slidesPerView: $('.lineup-swiper').data('slide-md'),\r\n                        slidesPerGroup: 2,\r\n                        spaceBetween: 20\r\n                    },\r\n                    900: {\r\n                        slidesPerView: $('.lineup-swiper').data('slide-lg'),\r\n                        spaceBetween: 20\r\n                    }\r\n                },\r\n\r\n                pagination: {\r\n                    el: \".lineup-swiper-pagination\",\r\n                    type: \"progressbar\",\r\n                },\r\n                navigation: {\r\n                    nextEl: \".swiper-button-next\",\r\n                    prevEl: \".swiper-button-prev\",\r\n                },\r\n\r\n            });\r\n        }\r\n\r\n\r\n    })(jQuery);\r\n<\/script>\t\t<\/div>\n\t\t\t\t<\/div>\n\t\t\t\t<div class=\"elementor-element elementor-element-4744d6c elementor-widget elementor-widget-ticket_add\" data-id=\"4744d6c\" data-element_type=\"widget\" data-widget_type=\"ticket_add.default\">\n\t\t\t\t<div class=\"elementor-widget-container\">\n\t\t\t\r\n<!--Ticket Section ======================-->\r\n<section class=\"ticket-section about-ticket pt-50 pt-lg-100 pt-xxl-130\">\r\n    <div class=\"container\">\r\n        <div class=\"ticket-wrapper position-relative\" style=\"--eventiva-ticket-add-image: url('https:\/\/metalhealer.com\/wp-content\/themes\/eventiva\/assets\/images\/about-ticket-image.jpg')\">\r\n            <div class=\"ticket-inner\">\r\n                <h2 class=\"display-3 text-gradient no-stroke fw-bold custom-jakarta mb-20\"> Ya viene SUPER ESTRELLA 2026 <\/h2>                <h3 class=\"custom-jakarta ticket-text fw-semibold\"> Postulate para obtener una invitaci\u00f3n exclusiva al mejor entrenamiento de mentalidad de alto rendimiento. Declara: la versi\u00f3n m\u00e1s poderosa de ti, ya esta ocurriendo. <\/h3>                                                    <div class=\"gap-2 mt-4 mt-lg-40 d-flex align-items-center\">\r\n                                <a class=\"btn gap-10 btn-gradient d-inline-flex align-items-center flex-row-reverse\" href=\"https:\/\/wa.me\/+528145901687\">\r\n            \u00a1Estoy Listo!<svg class=\"svg-icon\" width=\"30\" height=\"30\" aria-hidden=\"true\" role=\"img\" focusable=\"false\" xmlns=\"http:\/\/www.w3.org\/2000\/svg\" viewbox=\"0 0 68 64\"><path opacity=\"0.4\" d=\"M37.2547 2.37863L44.6763 17.2929C45.223 18.3734 46.2666 19.1238 47.4702 19.2906L64.1404 21.7185C65.114 21.8552 65.9975 22.3688 66.5943 23.1525C67.1844 23.9263 67.4378 24.9068 67.2944 25.8706C67.1778 26.671 66.801 27.4114 66.2242 27.9783L54.145 39.6876C53.2614 40.5047 52.8614 41.7153 53.0747 42.8992L56.0487 59.3609C56.3654 61.3486 55.0485 63.2229 53.0747 63.5998C52.2612 63.7298 51.4277 63.5931 50.6942 63.2196L35.8244 55.4723C34.7208 54.9153 33.4172 54.9153 32.3136 55.4723L17.4437 63.2196C15.6167 64.1901 13.3529 63.5297 12.336 61.7288C11.9592 61.0118 11.8259 60.1947 11.9492 59.3976L14.9232 42.9326C15.1366 41.752 14.7332 40.5347 13.853 39.7176L1.77371 28.015C0.33674 26.6276 0.293397 24.3431 1.67703 22.9057C1.70703 22.8757 1.74037 22.8424 1.77371 22.809C2.34717 22.2254 3.10067 21.8552 3.91417 21.7585L20.5844 19.3272C21.7847 19.1572 22.8282 18.4135 23.3784 17.3262L30.5332 2.37863C31.17 1.09798 32.4903 0.300909 33.924 0.334259H34.3707C35.6143 0.484336 36.6979 1.25473 37.2547 2.37863Z\" \/><path d=\"M33.9737 55.057C33.328 55.077 32.699 55.2505 32.1332 55.5607L17.3361 63.2904C15.5255 64.1544 13.3589 63.4839 12.3438 61.7525C11.9677 61.0452 11.8312 60.2346 11.9577 59.4406L14.9131 43.0104C15.1128 41.8161 14.7134 40.6018 13.8448 39.7611L1.76012 28.0615C0.325665 26.657 0.299039 24.3518 1.70354 22.914C1.72351 22.8939 1.74015 22.8773 1.76012 22.8606C2.33257 22.2934 3.07142 21.9198 3.86686 21.803L20.5511 19.3477C21.7592 19.1942 22.8076 18.4403 23.3401 17.3461L30.5923 2.21031C31.2812 0.989312 32.6025 0.262049 34.0003 0.338778C33.9737 1.32959 33.9737 54.3831 33.9737 55.057Z\" \/><\/svg>        <\/a>\r\n                    <\/div>\r\n                            <\/div>\r\n        <\/div>\r\n    <\/div>\r\n    <\/div>\r\n\r\n<\/section>\r\n<!--Ticket Section ======================-->\t\t<\/div>\n\t\t\t\t<\/div>\n\t\t\t\t<\/div>\n\t\t\t\t<\/div>","protected":false},"excerpt":{"rendered":"<p>Metal Healer Amate tanto que el universo refleje tu valor \u00bfTe gustar\u00eda tener una videollamada de descubrimiento?\u00a0Agenda gratis tu llamada en linea aqu\u00ed \ud83d\ude42 Discovery Call Metallica- Nothing else matters Winner \/ Mindset Winner \/ Mindset Diana Coach Super Star La mejor versi\u00f3n de ti Escr\u00edbeme Me encanta Escucharte What\u00b4s app Ya viene SUPER ESTRELLA [&hellip;]<\/p>","protected":false},"author":1,"featured_media":0,"parent":0,"menu_order":0,"comment_status":"closed","ping_status":"closed","template":"elementor_header_footer","meta":{"footnotes":""},"class_list":["post-7048","page","type-page","status-publish","hentry","entry"],"_links":{"self":[{"href":"https:\/\/metalhealer.com\/en\/wp-json\/wp\/v2\/pages\/7048","targetHints":{"allow":["GET"]}}],"collection":[{"href":"https:\/\/metalhealer.com\/en\/wp-json\/wp\/v2\/pages"}],"about":[{"href":"https:\/\/metalhealer.com\/en\/wp-json\/wp\/v2\/types\/page"}],"author":[{"embeddable":true,"href":"https:\/\/metalhealer.com\/en\/wp-json\/wp\/v2\/users\/1"}],"replies":[{"embeddable":true,"href":"https:\/\/metalhealer.com\/en\/wp-json\/wp\/v2\/comments?post=7048"}],"version-history":[{"count":149,"href":"https:\/\/metalhealer.com\/en\/wp-json\/wp\/v2\/pages\/7048\/revisions"}],"predecessor-version":[{"id":9333,"href":"https:\/\/metalhealer.com\/en\/wp-json\/wp\/v2\/pages\/7048\/revisions\/9333"}],"wp:attachment":[{"href":"https:\/\/metalhealer.com\/en\/wp-json\/wp\/v2\/media?parent=7048"}],"curies":[{"name":"wp","href":"https:\/\/api.w.org\/{rel}","templated":true}]}}