{"id":8940,"date":"2025-05-22T05:28:41","date_gmt":"2025-05-22T05:28:41","guid":{"rendered":"https:\/\/metalhealer.com\/?page_id=8940"},"modified":"2025-11-18T22:55:31","modified_gmt":"2025-11-18T22:55:31","slug":"servicios","status":"publish","type":"page","link":"https:\/\/metalhealer.com\/en\/servicios\/","title":{"rendered":"A Servicios MH"},"content":{"rendered":"<div data-elementor-type=\"wp-page\" data-elementor-id=\"8940\" class=\"elementor elementor-8940\">\n\t\t\t\t<div class=\"elementor-element elementor-element-7656cc9 pt-50 pt-lg-100 pt-xxl-150 e-flex e-con-boxed e-con e-parent\" data-id=\"7656cc9\" data-element_type=\"container\">\n\t\t\t\t\t<div class=\"e-con-inner\">\n\t\t\t\t<div class=\"elementor-element elementor-element-c97f365 text-auto elementor-widget elementor-widget-section_title\" data-id=\"c97f365\" data-element_type=\"widget\" data-widget_type=\"section_title.default\">\n\t\t\t\t<div class=\"elementor-widget-container\">\n\t\t\t\r\n<div class=\"row gy-4 gy-lg-0 align-items-lg-end justify-content-lg-between mb-30 mb-lg-70\">\r\n    <div class=\"col-lg-5\">\r\n        <div class=\"section-title wow fadeInRight\">\r\n            <span class=\"name straight-line-wrapper fw-semibold position-relative\"> <span class=\"straight-line\"><\/span>Entrenamientos<\/span>            <h2 class=\"title display-3 fw-extra-bold mb-n2 d-flex flex-column\">\r\n                    <span class=\"text-opacity text-auto\">Dise\u00f1ados<\/span>\r\n                    <span class=\"sub-title display-3 fw-extra-bold primary-text-shadow\"> Para ti <\/span> \r\n                <\/h2>        <\/div>\r\n            <\/div>\r\n            <div class=\"col-lg-5\">\r\n            <div class=\"highlights-text wow fadeInLeft\">\r\n                <p class=\"custom-roboto text-sm-end text-start mb-2\">\r\n                    <p>Imagina un mundo donde has alcanzado tus m\u00e1s grandes sue\u00f1os, una realidad donde te sientes seguro, exitoso y haz re-conectado con tu poder. Esa realidad esta a tu alcance aqu\u00ed y ahora, sin importar si estas en el camino a consolidar tu destino o ya eres una super estrella estos entrenamientos te ofrecen poderosas herramientas para trascender tus limitaciones.<\/p>                <\/p>\r\n            <\/div>\r\n        <\/div>\r\n    <\/div>\t\t<\/div>\n\t\t\t\t<\/div>\n\t\t\t\t<div class=\"elementor-element elementor-element-9bf92ff hall-image elementor-widget elementor-widget-image-carousel\" data-id=\"9bf92ff\" data-element_type=\"widget\" data-settings=\"{&quot;slides_to_show&quot;:&quot;3&quot;,&quot;slides_to_show_tablet&quot;:&quot;2&quot;,&quot;slides_to_show_mobile&quot;:&quot;1&quot;,&quot;slides_to_scroll&quot;:&quot;1&quot;,&quot;navigation&quot;:&quot;none&quot;,&quot;lazyload&quot;:&quot;yes&quot;,&quot;speed&quot;:1000,&quot;image_spacing_custom&quot;:{&quot;unit&quot;:&quot;px&quot;,&quot;size&quot;:30,&quot;sizes&quot;:[]},&quot;autoplay&quot;:&quot;yes&quot;,&quot;pause_on_hover&quot;:&quot;yes&quot;,&quot;pause_on_interaction&quot;:&quot;yes&quot;,&quot;autoplay_speed&quot;:5000,&quot;infinite&quot;:&quot;yes&quot;,&quot;image_spacing_custom_tablet&quot;:{&quot;unit&quot;:&quot;px&quot;,&quot;size&quot;:&quot;&quot;,&quot;sizes&quot;:[]}}\" data-widget_type=\"image-carousel.default\">\n\t\t\t\t<div class=\"elementor-widget-container\">\n\t\t\t\t\t<div class=\"elementor-image-carousel-wrapper swiper\" dir=\"ltr\">\n\t\t\t<div class=\"elementor-image-carousel swiper-wrapper\" aria-live=\"off\">\n\t\t\t\t\t\t\t\t<div class=\"swiper-slide\" role=\"group\" aria-roledescription=\"slide\" aria-label=\"1 de 4\"><a data-elementor-open-lightbox=\"yes\" data-elementor-lightbox-slideshow=\"9bf92ff\" data-elementor-lightbox-title=\"ss mh\" data-e-action-hash=\"#elementor-action%3Aaction%3Dlightbox%26settings%3DeyJpZCI6ODk1NCwidXJsIjoiaHR0cHM6XC9cL21ldGFsaGVhbGVyLmNvbVwvd3AtY29udGVudFwvdXBsb2Fkc1wvMjAyNVwvMDVcL3NzLW1oLnBuZyIsInNsaWRlc2hvdyI6IjliZjkyZmYifQ%3D%3D\" href=\"https:\/\/metalhealer.com\/wp-content\/uploads\/2025\/05\/ss-mh.png\"><figure class=\"swiper-slide-inner\"><img class=\"swiper-slide-image swiper-lazy\" data-src=\"https:\/\/metalhealer.com\/wp-content\/uploads\/2025\/05\/ss-mh.png\" alt=\"ss mh\" \/><div class=\"swiper-lazy-preloader\"><\/div><\/figure><\/a><\/div><div class=\"swiper-slide\" role=\"group\" aria-roledescription=\"slide\" aria-label=\"2 de 4\"><a data-elementor-open-lightbox=\"yes\" data-elementor-lightbox-slideshow=\"9bf92ff\" data-elementor-lightbox-title=\"ss millionarie\" data-e-action-hash=\"#elementor-action%3Aaction%3Dlightbox%26settings%3DeyJpZCI6ODk1NSwidXJsIjoiaHR0cHM6XC9cL21ldGFsaGVhbGVyLmNvbVwvd3AtY29udGVudFwvdXBsb2Fkc1wvMjAyNVwvMDVcL3NzLW1pbGxpb25hcmllLnBuZyIsInNsaWRlc2hvdyI6IjliZjkyZmYifQ%3D%3D\" href=\"https:\/\/metalhealer.com\/wp-content\/uploads\/2025\/05\/ss-millionarie.png\"><figure class=\"swiper-slide-inner\"><img class=\"swiper-slide-image swiper-lazy\" data-src=\"https:\/\/metalhealer.com\/wp-content\/uploads\/2025\/05\/ss-millionarie.png\" alt=\"ss millionarie\" \/><div class=\"swiper-lazy-preloader\"><\/div><\/figure><\/a><\/div><div class=\"swiper-slide\" role=\"group\" aria-roledescription=\"slide\" aria-label=\"3 de 4\"><a data-elementor-open-lightbox=\"yes\" data-elementor-lightbox-slideshow=\"9bf92ff\" data-elementor-lightbox-title=\"corporativo mh\" data-e-action-hash=\"#elementor-action%3Aaction%3Dlightbox%26settings%3DeyJpZCI6ODk2MiwidXJsIjoiaHR0cHM6XC9cL21ldGFsaGVhbGVyLmNvbVwvd3AtY29udGVudFwvdXBsb2Fkc1wvMjAyNVwvMDVcL2NvcnBvcmF0aXZvLW1oLnBuZyIsInNsaWRlc2hvdyI6IjliZjkyZmYifQ%3D%3D\" href=\"https:\/\/metalhealer.com\/wp-content\/uploads\/2025\/05\/corporativo-mh.png\"><figure class=\"swiper-slide-inner\"><img class=\"swiper-slide-image swiper-lazy\" data-src=\"https:\/\/metalhealer.com\/wp-content\/uploads\/2025\/05\/corporativo-mh.png\" alt=\"corporativo mh\" \/><div class=\"swiper-lazy-preloader\"><\/div><\/figure><\/a><\/div><div class=\"swiper-slide\" role=\"group\" aria-roledescription=\"slide\" aria-label=\"4 de 4\"><a data-elementor-open-lightbox=\"yes\" data-elementor-lightbox-slideshow=\"9bf92ff\" data-elementor-lightbox-title=\"sesion personal\" data-e-action-hash=\"#elementor-action%3Aaction%3Dlightbox%26settings%3DeyJpZCI6ODk2NiwidXJsIjoiaHR0cHM6XC9cL21ldGFsaGVhbGVyLmNvbVwvd3AtY29udGVudFwvdXBsb2Fkc1wvMjAyNVwvMDVcL3Nlc2lvbi1wZXJzb25hbC5wbmciLCJzbGlkZXNob3ciOiI5YmY5MmZmIn0%3D\" href=\"https:\/\/metalhealer.com\/wp-content\/uploads\/2025\/05\/sesion-personal.png\"><figure class=\"swiper-slide-inner\"><img class=\"swiper-slide-image swiper-lazy\" data-src=\"https:\/\/metalhealer.com\/wp-content\/uploads\/2025\/05\/sesion-personal.png\" alt=\"sesion personal\" \/><div class=\"swiper-lazy-preloader\"><\/div><\/figure><\/a><\/div>\t\t\t<\/div>\n\t\t\t\t\t\t\t\n\t\t\t\t\t\t\t\t\t<\/div>\n\t\t\t\t<\/div>\n\t\t\t\t<\/div>\n\t\t\t\t\t<\/div>\n\t\t\t\t<\/div>\n\t\t<div class=\"elementor-element elementor-element-2d3b3b8 e-flex e-con-boxed e-con e-parent\" data-id=\"2d3b3b8\" data-element_type=\"container\">\n\t\t\t\t\t<div class=\"e-con-inner\">\n\t\t\t\t<div class=\"elementor-element elementor-element-0bb18e9 elementor-widget elementor-widget-event_scroll_text\" data-id=\"0bb18e9\" data-element_type=\"widget\" data-widget_type=\"event_scroll_text.default\">\n\t\t\t\t<div class=\"elementor-widget-container\">\n\t\t\t\r\n\r\n<!--Scroll Section ======================-->\r\n<div class=\"scroll-section py-30 py-lg-50 position-relative\">\r\n    <div class=\"marquee-elements\">\r\n        <div class=\"scroll-elements\">\r\n\r\n            <h5 class=\"scroll-items js-elements\">\r\n                <span class=\"scroll-light-text fs-180 fw-extra-bold text-uppercase d-flex gap-10 mb-0\">\r\n                    <span class=\"scroll_bold_text\">Vive <\/span>\r\n                    <span class=\"scroll-strock-text primary-text-shadow mx-10 mx-lg-4\">\/<\/span>\r\n                    <span class=\"scroll-strock-text primary-text-shadow me-30 me-lg-50\">sue\u00f1a<\/span>\r\n                <\/span>\r\n            <\/h5>\r\n\r\n            <h5 class=\"scroll-items js-elements\">\r\n                <span class=\"scroll-light-text fs-180 fw-extra-bold text-uppercase d-flex gap-10 mb-0\">\r\n                    <span class=\"scroll_bold_text\">Vive <\/span>\r\n                    <span class=\"scroll_bold_text mx-10 mx-lg-4\">\/<\/span>\r\n                    <span class=\"scroll-strock-text primary-text-shadow me-30 me-lg-50\">sue\u00f1a<\/span>\r\n                <\/span>\r\n            <\/h5>\r\n\r\n        <\/div>\r\n    <\/div>\r\n<\/div>\r\n<!--Scroll Section ======================-->\t\t<\/div>\n\t\t\t\t<\/div>\n\t\t\t\t\t<\/div>\n\t\t\t\t<\/div>\n\t\t<div class=\"elementor-element elementor-element-a9ff459 about-btn about-section about-1 pt-50 pt-lg-50 pt-xxl-50 e-flex e-con-boxed e-con e-parent\" data-id=\"a9ff459\" data-element_type=\"container\">\n\t\t\t\t\t<div class=\"e-con-inner\">\n\t\t<div class=\"elementor-element elementor-element-c0da4d9 e-con-full e-flex e-con e-child\" data-id=\"c0da4d9\" data-element_type=\"container\">\n\t\t\t\t<div class=\"elementor-element elementor-element-b69f3ac elementor-widget__width-initial elementor-widget elementor-widget-section_title2\" data-id=\"b69f3ac\" data-element_type=\"widget\" data-widget_type=\"section_title2.default\">\n\t\t\t\t<div class=\"elementor-widget-container\">\n\t\t\t\r\n<div class=\"section-title\">\r\n        <h1 class=\"display-5 custom-jakarta fw-extra-bold mb-20 mb-lg-30\"> Expande<\/h1>    <h2 class=\"title display-3 fw-extra-bold mb-n2 d-flex flex-column\"> \r\n                    <span class=\"sub-title display-3 fw-extra-bold primary-text-shadow\"> Tu Exito <\/span> \r\n        <\/h2>    \r\n        <p class=\"custom-roboto mb-2\">\r\n            <br \/>Agenda y toma tus sesiones desde cualquier parte del mundo.        <\/p>\r\n\r\n                <div class=\"pt-4 pt-lg-30 d-flex align-items-center\">\r\n                    <a class=\"btn gap-10 btn-gradient d-inline-flex align-items-center flex-row-reverse\" href=\"https:\/\/calendly.com\/metalhealer-d\/conoceme\">\r\n            Tu sesi\u00f3n informativa<svg class=\"svg-icon\" width=\"30\" height=\"30\" aria-hidden=\"true\" role=\"img\" focusable=\"false\" xmlns=\"http:\/\/www.w3.org\/2000\/svg\" viewbox=\"0 0 60 68\"><path fill-rule=\"evenodd\" clip-rule=\"evenodd\" d=\"M0 50.2334V24.8567H60V50.4367C60 60.9 53.4138 67.3334 42.876 67.3334H17.0911C6.65203 67.3334 0 60.7667 0 50.2334ZM16.5313 42.0334C15.0165 42.1034 13.7651 40.9 13.6992 39.37C13.6992 37.8367 14.8847 36.57 16.3996 36.5C17.8814 36.5 19.0999 37.67 19.1328 39.1667C19.1987 40.7034 18.0132 41.97 16.5313 42.0334ZM30.0659 42.0334C28.551 42.1034 27.2997 40.9 27.2338 39.37C27.2338 37.8367 28.4193 36.57 29.9341 36.5C31.416 36.5 32.6345 37.67 32.6674 39.1667C32.7333 40.7034 31.5478 41.97 30.0659 42.0334ZM43.5016 54.3C41.9868 54.2667 40.7684 53 40.7684 51.4667C40.7355 49.9334 41.9539 48.67 43.4687 48.6367H43.5016C45.0494 48.6367 46.3008 49.9034 46.3008 51.4667C46.3008 53.0334 45.0494 54.3 43.5016 54.3ZM27.2338 51.4667C27.2997 53 28.551 54.2034 30.0659 54.1334C31.5478 54.07 32.7333 52.8034 32.6674 51.27C32.6345 49.77 31.416 48.6 29.9341 48.6C28.4193 48.67 27.2338 49.9334 27.2338 51.4667ZM13.6663 51.4667C13.7322 53 14.9835 54.2034 16.4984 54.1334C17.9802 54.07 19.1658 52.8034 19.0999 51.27C19.067 49.77 17.8485 48.6 16.3666 48.6C14.8518 48.67 13.6663 49.9334 13.6663 51.4667ZM40.8013 39.3367C40.8013 37.8034 41.9868 36.57 43.5016 36.5367C44.9835 36.5367 46.169 37.7334 46.2349 39.2034C46.2678 40.7367 45.0823 42.0034 43.6004 42.0334C42.0856 42.0667 40.8343 40.9 40.8013 39.37V39.3367Z\" \/><path opacity=\"0.4\" d=\"M0.0107422 24.8564C0.0535523 22.8997 0.218207 19.0164 0.527756 17.7664C2.10844 10.7364 7.47617 6.26972 15.1491 5.63306H44.8527C52.4597 6.30306 57.8933 10.7997 59.474 17.7664C59.7802 18.9831 59.9449 22.8964 59.9877 24.8564H0.0107422Z\" \/><path d=\"M17.6831 15.9667C19.1321 15.9667 20.2188 14.8701 20.2188 13.4001V3.23675C20.2188 1.76675 19.1321 0.666748 17.6831 0.666748C16.2342 0.666748 15.1475 1.76675 15.1475 3.23675V13.4001C15.1475 14.8701 16.2342 15.9667 17.6831 15.9667Z\" \/><path d=\"M42.3169 15.9667C43.733 15.9667 44.8526 14.8701 44.8526 13.4001V3.23675C44.8526 1.76675 43.733 0.666748 42.3169 0.666748C40.868 0.666748 39.7812 1.76675 39.7812 3.23675V13.4001C39.7812 14.8701 40.868 15.9667 42.3169 15.9667Z\" \/><\/svg>        <\/a>\r\n        <\/div>\r\n    <\/div>\r\n<!-- section-title -->\t\t<\/div>\n\t\t\t\t<\/div>\n\t\t\t\t<\/div>\n\t\t<div class=\"elementor-element elementor-element-3d2cc8a e-con-full e-flex e-con e-child\" data-id=\"3d2cc8a\" data-element_type=\"container\">\n\t\t\t\t<div class=\"elementor-element elementor-element-3e4ce58 hall-image elementor-widget elementor-widget-image\" data-id=\"3e4ce58\" data-element_type=\"widget\" data-widget_type=\"image.default\">\n\t\t\t\t<div class=\"elementor-widget-container\">\n\t\t\t\t\t\t\t\t\t\t\t\t\t<img fetchpriority=\"high\" decoding=\"async\" width=\"869\" height=\"503\" src=\"https:\/\/metalhealer.com\/wp-content\/uploads\/2025\/05\/Welcome.png\" class=\"attachment-full size-full wp-image-9003 img-fluid\" alt=\"\" srcset=\"https:\/\/metalhealer.com\/wp-content\/uploads\/2025\/05\/Welcome.png 869w, https:\/\/metalhealer.com\/wp-content\/uploads\/2025\/05\/Welcome-300x174.png 300w, https:\/\/metalhealer.com\/wp-content\/uploads\/2025\/05\/Welcome-768x445.png 768w, https:\/\/metalhealer.com\/wp-content\/uploads\/2025\/05\/Welcome-600x347.png 600w\" sizes=\"(max-width: 869px) 100vw, 869px\" style=\"width:100%;height:57.88%;max-width:869px\" \/>\t\t\t\t\t\t\t\t\t\t\t\t\t<\/div>\n\t\t\t\t<\/div>\n\t\t\t\t<\/div>\n\t\t\t\t\t<\/div>\n\t\t\t\t<\/div>\n\t\t\t\t<\/div>","protected":false},"excerpt":{"rendered":"<p>Entrenamientos Dise\u00f1ados Para ti Imagina un mundo donde has alcanzado tus m\u00e1s grandes sue\u00f1os, una realidad donde te sientes seguro, exitoso y haz re-conectado con tu poder. Esa realidad esta a tu alcance aqu\u00ed y ahora, sin importar si estas en el camino a consolidar tu destino o ya eres una super estrella estos entrenamientos [&hellip;]<\/p>","protected":false},"author":2,"featured_media":0,"parent":0,"menu_order":0,"comment_status":"closed","ping_status":"closed","template":"","meta":{"footnotes":""},"class_list":["post-8940","page","type-page","status-publish","hentry","entry"],"_links":{"self":[{"href":"https:\/\/metalhealer.com\/en\/wp-json\/wp\/v2\/pages\/8940","targetHints":{"allow":["GET"]}}],"collection":[{"href":"https:\/\/metalhealer.com\/en\/wp-json\/wp\/v2\/pages"}],"about":[{"href":"https:\/\/metalhealer.com\/en\/wp-json\/wp\/v2\/types\/page"}],"author":[{"embeddable":true,"href":"https:\/\/metalhealer.com\/en\/wp-json\/wp\/v2\/users\/2"}],"replies":[{"embeddable":true,"href":"https:\/\/metalhealer.com\/en\/wp-json\/wp\/v2\/comments?post=8940"}],"version-history":[{"count":107,"href":"https:\/\/metalhealer.com\/en\/wp-json\/wp\/v2\/pages\/8940\/revisions"}],"predecessor-version":[{"id":9336,"href":"https:\/\/metalhealer.com\/en\/wp-json\/wp\/v2\/pages\/8940\/revisions\/9336"}],"wp:attachment":[{"href":"https:\/\/metalhealer.com\/en\/wp-json\/wp\/v2\/media?parent=8940"}],"curies":[{"name":"wp","href":"https:\/\/api.w.org\/{rel}","templated":true}]}}